{"id":116,"date":"2026-02-27T21:36:41","date_gmt":"2026-02-27T21:36:41","guid":{"rendered":"https:\/\/senzia.cl\/?post_type=product&#038;p=116"},"modified":"2026-04-13T20:28:41","modified_gmt":"2026-04-13T20:28:41","slug":"clase-personalizada-de-masaje-relajante-senzia","status":"publish","type":"product","link":"https:\/\/senzia.cl\/index.php\/producto\/clase-personalizada-de-masaje-relajante-senzia\/","title":{"rendered":"Clase Personalizada de Masaje Relajante Senzia"},"content":{"rendered":"<p>\ud83c\udf3f \u00bfQu\u00e9 aprender\u00e1s en esta clase?<br \/>\n* Movimientos b\u00e1sicos y avanzados de masaje relajante<br \/>\n* C\u00f3mo usar correctamente los aceites corporales<br \/>\n* Ritmo adecuado para lograr relajaci\u00f3n profunda<br \/>\n* C\u00f3mo trabajar todo el cuerpo de forma continua<br \/>\n* T\u00e9cnicas para liberar tensiones suaves<br \/>\n* C\u00f3mo crear un ambiente relajante en casa<\/p>\n<p>\u2728 Beneficios de aprender masaje relajante<br \/>\n\u2714 Podr\u00e1s dar bienestar a tu pareja cuando quieras<br \/>\n\u2714 Ahorrar en sesiones futuras<br \/>\n\u2714 Fortalecer la conexi\u00f3n \u00edntima<br \/>\n\u2714 Aprender una habilidad \u00fatil y valiosa<br \/>\n\u2714 Generar momentos de relajaci\u00f3n y cuidado<\/p>\n<p>\u2728 Beneficios de aprender masaje relajante<br \/>\n\u2714 Podr\u00e1s dar bienestar a tu pareja cuando quieras<br \/>\n\u2714 Ahorrar en sesiones futuras<br \/>\n\u2714 Fortalecer la conexi\u00f3n \u00edntima<br \/>\n\u2714 Aprender una habilidad \u00fatil y valiosa<br \/>\n\u2714 Generar momentos de relajaci\u00f3n y cuidado<\/p>\n<p>\ud83d\udc96 Ideal para:<br \/>\n\u2714 Parejas<br \/>\n\u2714 Personas que quieren aprender masaje en casa<br \/>\n\u2714 Quienes buscan regalar bienestar<br \/>\n\u2714 Personas sin experiencia previa<\/p>\n","protected":false},"excerpt":{"rendered":"<p>Aprende a realizar un masaje corporal completo de forma pr\u00e1ctica y consciente<br \/>\nLa clase personalizada de masaje relajante Senzia es una experiencia 100% pr\u00e1ctica donde aprender\u00e1s paso a paso c\u00f3mo realizar un masaje corporal completo enfocado en la relajaci\u00f3n profunda y el bienestar.<br \/>\nDurante la sesi\u00f3n, te guiar\u00e9 personalmente en t\u00e9cnicas de presi\u00f3n, ritmo y movimientos para que puedas aplicar un masaje efectivo, fluido y armonioso en tu pareja o en otras personas.<br \/>\nNo es teor\u00eda: es pr\u00e1ctica real, simple y f\u00e1cil de aprender.<\/p>\n","protected":false},"featured_media":1542,"comment_status":"open","ping_status":"closed","template":"","meta":[],"product_brand":[],"product_cat":[19],"product_tag":[],"class_list":{"0":"post-116","1":"product","2":"type-product","3":"status-publish","4":"has-post-thumbnail","6":"product_cat-cursos","8":"first","9":"instock","10":"sale","11":"featured","12":"virtual","13":"taxable","14":"purchasable","15":"product-type-simple"},"_links":{"self":[{"href":"https:\/\/senzia.cl\/index.php\/wp-json\/wp\/v2\/product\/116","targetHints":{"allow":["GET"]}}],"collection":[{"href":"https:\/\/senzia.cl\/index.php\/wp-json\/wp\/v2\/product"}],"about":[{"href":"https:\/\/senzia.cl\/index.php\/wp-json\/wp\/v2\/types\/product"}],"replies":[{"embeddable":true,"href":"https:\/\/senzia.cl\/index.php\/wp-json\/wp\/v2\/comments?post=116"}],"wp:featuredmedia":[{"embeddable":true,"href":"https:\/\/senzia.cl\/index.php\/wp-json\/wp\/v2\/media\/1542"}],"wp:attachment":[{"href":"https:\/\/senzia.cl\/index.php\/wp-json\/wp\/v2\/media?parent=116"}],"wp:term":[{"taxonomy":"product_brand","embeddable":true,"href":"https:\/\/senzia.cl\/index.php\/wp-json\/wp\/v2\/product_brand?post=116"},{"taxonomy":"product_cat","embeddable":true,"href":"https:\/\/senzia.cl\/index.php\/wp-json\/wp\/v2\/product_cat?post=116"},{"taxonomy":"product_tag","embeddable":true,"href":"https:\/\/senzia.cl\/index.php\/wp-json\/wp\/v2\/product_tag?post=116"}],"curies":[{"name":"wp","href":"https:\/\/api.w.org\/{rel}","templated":true}]}}